{"id":1143,"date":"2021-12-30T20:13:26","date_gmt":"2021-12-30T20:13:26","guid":{"rendered":"https:\/\/fair-appearance.com\/?page_id=1143"},"modified":"2022-10-04T14:10:20","modified_gmt":"2022-10-04T14:10:20","slug":"legal-notice","status":"publish","type":"page","link":"https:\/\/fair-appearance.com\/es\/aviso-legal\/","title":{"rendered":"Imprint"},"content":{"rendered":"<div data-elementor-type=\"wp-page\" data-elementor-id=\"1143\" class=\"elementor elementor-1143\" data-elementor-post-type=\"page\">\n\t\t\t\t\t\t<section class=\"elementor-section elementor-top-section elementor-element elementor-element-2e134d1 elementor-section-boxed elementor-section-height-default elementor-section-height-default\" data-id=\"2e134d1\" data-element_type=\"section\">\n\t\t\t\t\t\t<div class=\"elementor-container elementor-column-gap-no\">\n\t\t\t\t\t<div class=\"elementor-column elementor-col-100 elementor-top-column elementor-element elementor-element-059d3cf\" data-id=\"059d3cf\" data-element_type=\"column\">\n\t\t\t<div class=\"elementor-widget-wrap elementor-element-populated\">\n\t\t\t\t\t\t<section class=\"elementor-section elementor-inner-section elementor-element elementor-element-4756b52 elementor-section-boxed elementor-section-height-default elementor-section-height-default elementor-invisible\" data-id=\"4756b52\" data-element_type=\"section\" data-settings=\"{&quot;animation&quot;:&quot;fadeInUp&quot;}\">\n\t\t\t\t\t\t<div class=\"elementor-container elementor-column-gap-no\">\n\t\t\t\t\t<div class=\"elementor-column elementor-col-100 elementor-inner-column elementor-element elementor-element-17da7f0\" data-id=\"17da7f0\" data-element_type=\"column\">\n\t\t\t<div class=\"elementor-widget-wrap elementor-element-populated\">\n\t\t\t\t\t\t<div class=\"elementor-element elementor-element-2f0c56f elementor-widget elementor-widget-heading\" data-id=\"2f0c56f\" data-element_type=\"widget\" data-widget_type=\"heading.default\">\n\t\t\t\t<div class=\"elementor-widget-container\">\n\t\t\t\t\t<h1 class=\"elementor-heading-title elementor-size-default\">Aviso Legal<\/h1>\t\t\t\t<\/div>\n\t\t\t\t<\/div>\n\t\t\t\t<div class=\"elementor-element elementor-element-38e8200 elementor-widget elementor-widget-text-editor\" data-id=\"38e8200\" data-element_type=\"widget\" data-widget_type=\"text-editor.default\">\n\t\t\t\t<div class=\"elementor-widget-container\">\n\t\t\t\t\t\t\t\t\t<p>Este Aviso Legal (en adelante, \"<strong>el Aviso Legal<\/strong>\u201d) rige el acceso y la utilizaci\u00f3n del sitio web accesible a trav\u00e9s del nombre de dominio https:\/\/fair-appearance.com\/ y sus subdominios (en adelante, \"<strong>el Sitio Web<\/strong>\") El simple acceso al Sitio Web atribuye a quien lo realiza la condici\u00f3n de usuario del mismo (en adelante, \u201c<strong>el Usuario<\/strong>\u201d). En caso de no estar de acuerdo con este Aviso Legal, el Usuario debe abandonar inmediatamente el Sitio Web sin utilizarlo.<\/p><p>Por medio de la aceptaci\u00f3n de este Aviso Legal el Usuario manifiesta:<\/p><p class=\" translation-block\">a) Que ha le\u00eddo, entiende y acepta lo aqu\u00ed expuesto.<br>\nb) Que es mayor de edad.<\/p><p><strong><br \/>1. Informaci\u00f3n general del Sitio Web<\/strong><\/p><p>A continuaci\u00f3n se ofrece la informaci\u00f3n general del Sitio Web:<br \/><strong>Titular:<\/strong> Fair Appearance SCP (en adelante referido por su nombre comercial, \u201c<strong>FAIR APPEARANCE<\/strong>&#8220;). <br \/><strong>Domicilio social:<\/strong> Plaza Universidad 3, 6A, 08007 Barcelona (Espa\u00f1a).<br \/><strong>C.I.F.:<\/strong> J65964066<br \/><strong>E-mail: <\/strong><span style=\"color: #34b7ff;\"><a style=\"color: #34b7ff;\" href=\"mailto:info@fair-appearance.com\">info@fair-appearance.com<\/a><\/span><br \/><strong>Tel\u00e9fono:<\/strong> +34 645174269<br \/><br \/><\/p><p><strong>2. Acceso al Sitio Web<\/strong><br \/>El simple acceso al Sitio Web es gratuito salvo en lo relativo al coste de la conexi\u00f3n a trav\u00e9s de la red de telecomunicaciones suministrada por el proveedor de acceso contratado por el Usuario.<\/p><p><strong>3. Normas de utilizaci\u00f3n del Sitio Web<\/strong><br \/>El Usuario se obliga a utilizar el Sitio Web y todo su contenido y servicios conforme a lo establecido en la ley, la moral, el orden p\u00fablico y en este Aviso legal. Asimismo, se obliga a hacer un uso adecuado de los servicios y\/o contenidos del Sitio Web y a no emplearlos para realizar actividades il\u00edcitas o constitutivas de delito, que atenten contra los derechos de terceros o que infrinjan cualquier norma del ordenamiento jur\u00eddico aplicable.<\/p><p>El Usuario se obliga a no transmitir, introducir, difundir y\/o poner a disposici\u00f3n de terceros cualquier tipo de material e informaci\u00f3n (datos, contenidos, mensajes, dibujos, archivos de sonido e imagen, fotograf\u00edas, software, etc.) que sean contrarios a la ley, la moral, el orden p\u00fablico y este Aviso legal. A t\u00edtulo enunciativo, y en ning\u00fan caso limitativo o excluyente, el Usuario se compromete a:<\/p><p>I.- No introducir o difundir contenidos o propaganda de car\u00e1cter racista, xen\u00f3fobo, pornogr\u00e1fico, de apolog\u00eda del terrorismo o que atenten contra los derechos humanos.<\/p><p>II.- No introducir o difundir en la red programas de datos (virus y software nocivo) susceptibles de provocar da\u00f1os en los sistemas inform\u00e1ticos del proveedor de acceso, sus proveedores o terceros Usuarios de la red Internet.<\/p><p>III.- No difundir, transmitir o poner a disposici\u00f3n de terceros cualquier tipo de informaci\u00f3n, elemento o contenido que atente contra los derechos fundamentales y las libertades p\u00fablicas reconocidos constitucionalmente y en los tratados internacionales.<\/p><p>IV.- No difundir, transmitir o poner a disposici\u00f3n de terceros cualquier tipo de informaci\u00f3n, elemento o contenido que constituya publicidad il\u00edcita o desleal.<\/p><p>V.- No transmitir publicidad no solicitada o autorizada, material publicitario, \"correo basura\", \"cartas en cadena\", \"estructuras piramidales\", o cualquier otra forma de solicitud, excepto en aquellas \u00e1reas (tales como espacios comerciales) que hayan sido exclusivamente concebidas para ello.<\/p><p>VI.- No introducir o difundir cualquier informaci\u00f3n y contenidos falsos, ambiguos o inexactos de forma que induzca a error a los receptores de la informaci\u00f3n.<\/p><p>VII.- No suplantar a otros Usuarios utilizando sus claves de registro para acceder a los distintos servicios y\/o contenidos del Sitio Web que lo requieran.<\/p><p>VIII.- No difundir, transmitir o poner a disposici\u00f3n de terceros cualquier tipo de informaci\u00f3n, elemento o contenido que suponga una violaci\u00f3n de los derechos de propiedad intelectual e industrial, patentes, marcas o copyright que correspondan a los titulares del Sitio Web o a terceros.<\/p><p>IX.- No difundir, transmitir o poner a disposici\u00f3n de terceros cualquier tipo de informaci\u00f3n, elemento o contenido que suponga una violaci\u00f3n del secreto de las comunicaciones y la legislaci\u00f3n de datos de car\u00e1cter personal.\nEl Usuario se obliga a mantener completamente indemne a FAIR APPEARANCE ante cualquier posible reclamaci\u00f3n, multa, pena o sanci\u00f3n que pueda venir obligada a soportar como consecuencia del incumplimiento por parte del Usuario de cualquiera de las normas de utilizaci\u00f3n antes indicadas, reserv\u00e1ndose FAIR APPEARANCE, adem\u00e1s, el derecho a solicitar la indemnizaci\u00f3n por da\u00f1os y perjuicios que corresponda.<\/p><p><strong>4. Contenidos y servicios enlazados a trav\u00e9s del Sitio Web<\/strong><br \/>El Sitio Web puede contener dispositivos t\u00e9cnicos de enlace, directorios e incluso instrumentos de b\u00fasqueda que permitan al Usuario acceder a otras p\u00e1ginas y portales de Internet (en adelante, \u201c<strong>Sitios Enlazados<\/strong>\u201d). En estos casos, FAIR APPEARANCE s\u00f3lo ser\u00e1 responsable de los contenidos y servicios suministrados en los Sitios Enlazados en la medida en que tenga conocimiento efectivo de su ilicitud y no haya desactivado el enlace a los mismos con la diligencia debida. En el supuesto de que el Usuario considere que existe un Sitio Enlazado con contenidos il\u00edcitos o inadecuados, puede comunicarlo a FAIR APPEARANCE.<\/p><p>En ning\u00fan caso la existencia de Sitios Enlazados debe presuponer la formalizaci\u00f3n de acuerdos entre FAIR APPEARANCE y los responsables o titulares de los mismos, as\u00ed como tampoco la recomendaci\u00f3n o promoci\u00f3n de los Sitios Enlazados y\/o sus contenidos por parte de FAIR APPEARANCE. A menos que se indique expresamente lo contrario en el Sitio Web, FAIR APPEARANCE no conoce los contenidos y servicios de los Sitios Enlazados y, por tanto, no se hace responsable por los da\u00f1os y perjuicios que \u00e9stos puedan producir al Usuario o a cualquier tercero.<\/p><p><strong>5. Propiedad intelectual e industrial<\/strong><br \/>Todos los contenidos del Sitio Web entendiendo por \u00e9stos, a t\u00edtulo meramente enunciativo pero no exhaustivo, los textos, fotograf\u00edas, gr\u00e1ficos, im\u00e1genes, iconos, tecnolog\u00eda, software, links y dem\u00e1s contenidos audiovisuales o sonoros, as\u00ed como su dise\u00f1o gr\u00e1fico y c\u00f3digos fuente, son propiedad intelectual de FAIR APPEARANCE o de terceros licenciadores, sin que puedan entenderse cedidos al Usuario ninguno de los derechos de explotaci\u00f3n reconocidos por la normativa vigente en materia de propiedad intelectual sobre los mismos.<\/p><p>El Usuario manifiesta ser el \u00fanico autor de todas las fotograf\u00edas, im\u00e1genes, textos y\/o comentarios (en adelante, \u201clos\u00a0<strong>Contenidos del Usuario<\/strong>\u201d) que publique o env\u00ede a trav\u00e9s de las secciones del Sitio Web dispuestas a tal efecto, garantizando que el uso de los mismos en el Sitio Web no infringe los derechos de ning\u00fan tercero. Sobre dichos Contenidos del Usuario, el Usuario cede gratuitamente a FAIR APPEARANCE los derechos de comunicaci\u00f3n p\u00fablica, reproducci\u00f3n, distribuci\u00f3n y transformaci\u00f3n, en todas las modalidades de explotaci\u00f3n existentes hasta la fecha de aceptaci\u00f3n de este Aviso Legal. Dicha cesi\u00f3n se efect\u00faa para el \u00e1mbito territorial universal y por el tiempo correspondiente a toda tu vida y setenta a\u00f1os despu\u00e9s de la muerte o declaraci\u00f3n de fallecimiento del Usuario.<\/p><p>Las marcas, nombres comerciales y dem\u00e1s signos distintivos publicados en el Sitio Web son titularidad de FAIR APPEARANCE o de terceros cedentes y\/o licenciadores, sin que pueda entenderse cedido al Usuario ning\u00fan derecho sobre los mismos.<\/p><p><strong>6. Quejas, reclamaciones y solicitudes de informaci\u00f3n<\/strong><br \/>El Usuario puede dirigir sus quejas, reclamaciones y\/o solicitudes de informaci\u00f3n a FAIR APPEARANCE, utilizando para ello cualquiera de las siguientes v\u00edas:<\/p><p>a) Enviando un escrito a Plaza Universidad 3, 6A, 08007 Barcelona (Espa\u00f1a).<br \/>b) Enviando un correo electr\u00f3nico a la direcci\u00f3n <span style=\"color: #34b7ff;\"><a style=\"color: #34b7ff;\" href=\"mailto:info@fair-appearance.com\">info@fair-appearance.com<\/a><\/span>.<br \/>c) Llamando al tel\u00e9fono +34 645174269 en horario de 09:00 a 18:00h, de lunes a viernes excepto festivos.<\/p><p>FAIR APPEARANCE dispone de hojas oficiales de queja\/reclamaci\u00f3n\/denuncia que el Usuario puede solicitar.<\/p><p><strong>7. imitaci\u00f3n de responsabilidad<\/strong><br \/>El acceso del Usuario al Sitio Web no implica para FAIR APPEARANCE la obligaci\u00f3n de controlar la ausencia de virus, gusanos o cualquier otro elemento inform\u00e1tico da\u00f1ino. Corresponde al Usuario, en todo caso, la disponibilidad de herramientas adecuadas para la detecci\u00f3n y desinfecci\u00f3n de programas inform\u00e1ticos da\u00f1inos.<\/p><p>FAIR APPEARANCE no se responsabiliza de los da\u00f1os producidos en el software y\/o equipos inform\u00e1ticos del Usuario o de terceros durante la utilizaci\u00f3n de los servicios ofrecidos en el Sitio Web o la navegaci\u00f3n por el mismo.<\/p><p>FAIR APPEARANCE no se responsabiliza de los da\u00f1os o perjuicios de cualquier tipo producidos en el Usuario que traigan causa de fallos o desconexiones en las redes de telecomunicaciones que produzcan la suspensi\u00f3n, cancelaci\u00f3n o interrupci\u00f3n del servicio del Sitio Web durante la prestaci\u00f3n del mismo o con car\u00e1cter previo.<\/p><p><strong>8. Nulidad e ineficacia de las cl\u00e1usulas<\/strong><br \/>Si cualquier cl\u00e1usula incluida en este Aviso Legal fuese declarada total o parcialmente nula o ineficaz, tal nulidad o ineficacia tan s\u00f3lo afectar\u00e1 a dicha disposici\u00f3n o a la parte de la misma que resulte nula o ineficaz, subsistiendo este Aviso Legal en todo lo dem\u00e1s y consider\u00e1ndose tal disposici\u00f3n total o parcialmente por no incluida.<\/p><p><strong>9. Modificaciones del Aviso Legal<\/strong><br \/>FAIR APPEARANCE se reserva el derecho de modificar en cualquier momento el presente Aviso Legal as\u00ed como cualesquiera otras condiciones que resulten de aplicaci\u00f3n, poni\u00e9ndolo en conocimiento del Usuario.<\/p><p><strong>10. Legislaci\u00f3n aplicable y jurisdicci\u00f3n competente<\/strong><br \/>Este Aviso Legal se regir\u00e1 e interpretar\u00e1 conforme a la legislaci\u00f3n espa\u00f1ola.<\/p><p>El Usuario y FAIR APPEARANCE acuerdan someter cualquier controversia derivada del uso del Sitio Web a los Juzgados y Tribunales de Barcelona, con renuncia expresa a cualquier otro fuero que pudiera corresponderles.<\/p>\t\t\t\t\t\t\t\t<\/div>\n\t\t\t\t<\/div>\n\t\t\t\t\t<\/div>\n\t\t<\/div>\n\t\t\t\t\t<\/div>\n\t\t<\/section>\n\t\t\t\t\t<\/div>\n\t\t<\/div>\n\t\t\t\t\t<\/div>\n\t\t<\/section>\n\t\t\t\t<\/div>","protected":false},"excerpt":{"rendered":"<p>LEGAL NOTICE This Legal Notice (hereinafter, &#8220;the Legal Notice&#8220;) governs access to and use of the website accessible through the domain name https:\/\/fair-appearance.com\/ and its subdomains (hereinafter, &#8220;the Website&#8220;). Simple access to the Website confers the status of user of the same (hereinafter, &#8220;the User&#8220;). If the User does not agree with this Legal Notice, [&hellip;]<\/p>","protected":false},"author":1,"featured_media":0,"parent":0,"menu_order":5,"comment_status":"closed","ping_status":"closed","template":"","meta":{"inline_featured_image":false,"footnotes":""},"_links":{"self":[{"href":"https:\/\/fair-appearance.com\/es\/wp-json\/wp\/v2\/pages\/1143"}],"collection":[{"href":"https:\/\/fair-appearance.com\/es\/wp-json\/wp\/v2\/pages"}],"about":[{"href":"https:\/\/fair-appearance.com\/es\/wp-json\/wp\/v2\/types\/page"}],"author":[{"embeddable":true,"href":"https:\/\/fair-appearance.com\/es\/wp-json\/wp\/v2\/users\/1"}],"replies":[{"embeddable":true,"href":"https:\/\/fair-appearance.com\/es\/wp-json\/wp\/v2\/comments?post=1143"}],"version-history":[{"count":0,"href":"https:\/\/fair-appearance.com\/es\/wp-json\/wp\/v2\/pages\/1143\/revisions"}],"wp:attachment":[{"href":"https:\/\/fair-appearance.com\/es\/wp-json\/wp\/v2\/media?parent=1143"}],"curies":[{"name":"wp","href":"https:\/\/api.w.org\/{rel}","templated":true}]}}